{"id":99,"date":"2021-12-16T20:14:29","date_gmt":"2021-12-16T20:14:29","guid":{"rendered":"https:\/\/vegadesanmartin.es\/?page_id=99"},"modified":"2025-03-14T11:36:07","modified_gmt":"2025-03-14T11:36:07","slug":"sobre-nosotros-queseria-artesanal","status":"publish","type":"page","link":"https:\/\/vegadesanmartin.es\/en\/sobre-nosotros-queseria-artesanal\/","title":{"rendered":"About Us"},"content":{"rendered":"<p>[et_pb_section fb_built=\u00bb1&#8243; _builder_version=\u00bb4.16&#8243; _module_preset=\u00bbdefault\u00bb custom_padding=\u00bb0px||0px||true|false\u00bb global_colors_info=\u00bb{}\u00bb][et_pb_row column_structure=\u00bb1_2,1_2&#8243; use_custom_gutter=\u00bbon\u00bb gutter_width=\u00bb1&#8243; make_equal=\u00bbon\u00bb _builder_version=\u00bb4.16&#8243; _module_preset=\u00bbdefault\u00bb background_color=\u00bb#F1EEE8&#8243; width=\u00bb100%\u00bb max_width=\u00bb100%\u00bb custom_padding=\u00bb0px||0px||true|false\u00bb custom_css_main_element=\u00bbalign-items: center;\u00bb global_colors_info=\u00bb{}\u00bb][et_pb_column type=\u00bb1_2&#8243; _builder_version=\u00bb4.16&#8243; _module_preset=\u00bbdefault\u00bb global_colors_info=\u00bb{}\u00bb][et_pb_gallery gallery_ids=\u00bb225912,225910,225911&#8243; fullwidth=\u00bbon\u00bb _builder_version=\u00bb4.16&#8243; _module_preset=\u00bbdefault\u00bb width=\u00bb100%\u00bb auto=\u00bbon\u00bb global_colors_info=\u00bb{}\u00bb][\/et_pb_gallery][\/et_pb_column][et_pb_column type=\u00bb1_2&#8243; _builder_version=\u00bb4.16&#8243; _module_preset=\u00bbdefault\u00bb global_colors_info=\u00bb{}\u00bb][et_pb_cta title=\u00bbSOBRE NOSOTROS\u00bb _builder_version=\u00bb4.16&#8243; _module_preset=\u00bbdefault\u00bb header_level=\u00bbh1&#8243; header_font=\u00bbCormorant Garamond||||||||\u00bb header_text_color=\u00bb#8B774F\u00bb header_font_size=\u00bb44px\u00bb header_line_height=\u00bb2.2em\u00bb body_font=\u00bbTenor Sans||||||||\u00bb body_text_color=\u00bb#0C0C0C\u00bb body_font_size=\u00bb20px\u00bb body_letter_spacing=\u00bb1px\u00bb background_enable_color=\u00bboff\u00bb custom_margin=\u00bb||||false|false\u00bb custom_margin_tablet=\u00bb||||false|false\u00bb custom_margin_phone=\u00bb||||false|false\u00bb custom_margin_last_edited=\u00bbon|phone\u00bb custom_padding=\u00bb||||false|false\u00bb header_line_height_tablet=\u00bb2.2em\u00bb header_line_height_phone=\u00bb1.1em\u00bb header_line_height_last_edited=\u00bbon|phone\u00bb body_line_height_tablet=\u00bb\u00bb body_line_height_phone=\u00bb1.8em\u00bb body_line_height_last_edited=\u00bbon|phone\u00bb global_colors_info=\u00bb{}\u00bb]<\/p>\n<p>Productos de calidad elaborados artesanalmente<\/p>\n<p>[\/et_pb_cta][et_pb_button button_url=\u00bbhttps:\/\/vegadesanmartin.es\/tienda\/\u00bb button_text=\u00bbvisitar tienda online\u00bb button_alignment=\u00bbcenter\u00bb _builder_version=\u00bb4.27.4&#8243; _module_preset=\u00bbdefault\u00bb custom_button=\u00bbon\u00bb button_text_size=\u00bb18px\u00bb button_text_color=\u00bb#F1EEE8&#8243; button_bg_color=\u00bb#821D21&#8243; button_border_width=\u00bb0px\u00bb button_font=\u00bb|||on|||||\u00bb button_icon=\u00bb&#xe015;||divi||400&#8243; custom_margin=\u00bb||||false|false\u00bb hover_enabled=\u00bb0&#8243; global_colors_info=\u00bb{}\u00bb sticky_enabled=\u00bb0&#8243;][\/et_pb_button][et_pb_divider show_divider=\u00bboff\u00bb disabled_on=\u00bboff|off|on\u00bb _builder_version=\u00bb4.16&#8243; _module_preset=\u00bbdefault\u00bb custom_margin_tablet=\u00bb||20px||false|false\u00bb custom_margin_phone=\u00bb||20px||false|false\u00bb custom_margin_last_edited=\u00bbon|phone\u00bb global_colors_info=\u00bb{}\u00bb][\/et_pb_divider][et_pb_divider show_divider=\u00bboff\u00bb disabled_on=\u00bboff|off|on\u00bb _builder_version=\u00bb4.16&#8243; _module_preset=\u00bbdefault\u00bb custom_margin_tablet=\u00bb||20px||false|false\u00bb custom_margin_phone=\u00bb||20px||false|false\u00bb custom_margin_last_edited=\u00bbon|phone\u00bb global_colors_info=\u00bb{}\u00bb][\/et_pb_divider][\/et_pb_column][\/et_pb_row][\/et_pb_section][et_pb_section fb_built=\u00bb1&#8243; disabled_on=\u00bbon|on|off\u00bb _builder_version=\u00bb4.16&#8243; _module_preset=\u00bbdefault\u00bb background_color=\u00bbrgba(255,255,255,0.97)\u00bb background_image=\u00bbhttps:\/\/vegadesanmartin.es\/wp-content\/uploads\/agricultura-Vega-de-San-Marti\u0301n.jpg\u00bb background_blend=\u00bboverlay\u00bb custom_margin=\u00bb||||false|false\u00bb custom_padding=\u00bb5px||68px|||\u00bb global_colors_info=\u00bb{}\u00bb][et_pb_row use_custom_gutter=\u00bbon\u00bb _builder_version=\u00bb4.16&#8243; _module_preset=\u00bbdefault\u00bb width=\u00bb40%\u00bb width_tablet=\u00bb70%\u00bb width_phone=\u00bb80%\u00bb width_last_edited=\u00bbon|phone\u00bb global_colors_info=\u00bb{}\u00bb][et_pb_column type=\u00bb4_4&#8243; _builder_version=\u00bb4.16&#8243; _module_preset=\u00bbdefault\u00bb global_colors_info=\u00bb{}\u00bb][et_pb_text _builder_version=\u00bb4.16&#8243; _module_preset=\u00bbdefault\u00bb text_font=\u00bbTenor Sans|||on|||||\u00bb text_text_color=\u00bb#821D21&#8243; text_font_size=\u00bb35px\u00bb text_orientation=\u00bbcenter\u00bb custom_margin=\u00bb108px|||||\u00bb custom_margin_tablet=\u00bb20%||||false|false\u00bb custom_margin_phone=\u00bb20%||||false|false\u00bb custom_margin_last_edited=\u00bbon|phone\u00bb text_font_size_tablet=\u00bb35px\u00bb text_font_size_phone=\u00bb24px\u00bb text_font_size_last_edited=\u00bbon|phone\u00bb global_colors_info=\u00bb{}\u00bb]<\/p>\n<p>GANADER\u00cdA<\/p>\n<p>[\/et_pb_text][et_pb_text _builder_version=\u00bb4.16&#8243; _module_preset=\u00bbdefault\u00bb text_orientation=\u00bbcenter\u00bb custom_margin=\u00bb30px|||||\u00bb custom_padding=\u00bb||0px|||\u00bb text_orientation_tablet=\u00bbcenter\u00bb text_orientation_phone=\u00bbjustified\u00bb text_orientation_last_edited=\u00bbon|phone\u00bb global_colors_info=\u00bb{}\u00bb]<\/p>\n<p><strong>La ganader\u00eda de Vega de San Mart\u00edn\u00a0<\/strong>est\u00e1 formada por cabras de raza murciano-granadina, esta raza con origen en Espa\u00f1a se encuentra ampliamente distribuida por todo el mundo debido a su alta capacidad de adaptaci\u00f3n a diferentes climas. De hecho, Vega de San Mart\u00edn ha exportado cabras a pa\u00edses como Grecia, Ir\u00e1n, Marruecos, Ruman\u00eda, Guinea y Catar.<\/p>\n<p>[\/et_pb_text][\/et_pb_column][\/et_pb_row][et_pb_row column_structure=\u00bb1_2,1_2&#8243; use_custom_gutter=\u00bbon\u00bb gutter_width=\u00bb2&#8243; disabled_on=\u00bboff|off|off\u00bb _builder_version=\u00bb4.16&#8243; _module_preset=\u00bbdefault\u00bb max_width=\u00bb40%\u00bb custom_margin=\u00bb33px|auto||auto||\u00bb global_colors_info=\u00bb{}\u00bb][et_pb_column type=\u00bb1_2&#8243; _builder_version=\u00bb4.16&#8243; _module_preset=\u00bbdefault\u00bb global_colors_info=\u00bb{}\u00bb][et_pb_image src=\u00bbhttps:\/\/vegadesanmartin.es\/wp-content\/uploads\/cabras-queso-artesanal-vega-de-san-martin.jpeg\u00bb title_text=\u00bbcabras queso artesanal vega de san mart\u00edn\u00bb _builder_version=\u00bb4.16&#8243; _module_preset=\u00bbdefault\u00bb global_colors_info=\u00bb{}\u00bb][\/et_pb_image][\/et_pb_column][et_pb_column type=\u00bb1_2&#8243; _builder_version=\u00bb4.16&#8243; _module_preset=\u00bbdefault\u00bb global_colors_info=\u00bb{}\u00bb][et_pb_image src=\u00bbhttps:\/\/vegadesanmartin.es\/wp-content\/uploads\/CABRAS-INSTALACIONES.jpeg\u00bb title_text=\u00bbCABRAS INSTALACIONES\u00bb _builder_version=\u00bb4.16&#8243; _module_preset=\u00bbdefault\u00bb global_colors_info=\u00bb{}\u00bb][\/et_pb_image][\/et_pb_column][\/et_pb_row][\/et_pb_section][et_pb_section fb_built=\u00bb1&#8243; disabled_on=\u00bboff|off|on\u00bb _builder_version=\u00bb4.16&#8243; _module_preset=\u00bbdefault\u00bb custom_margin=\u00bb||||false|false\u00bb custom_padding=\u00bb24px||||false|false\u00bb global_colors_info=\u00bb{}\u00bb][et_pb_row column_structure=\u00bb1_2,1_2&#8243; use_custom_gutter=\u00bbon\u00bb _builder_version=\u00bb4.16&#8243; _module_preset=\u00bbdefault\u00bb max_width=\u00bb1080px\u00bb global_colors_info=\u00bb{}\u00bb][et_pb_column type=\u00bb1_2&#8243; _builder_version=\u00bb4.16&#8243; _module_preset=\u00bbdefault\u00bb global_colors_info=\u00bb{}\u00bb][et_pb_text _builder_version=\u00bb4.16&#8243; _module_preset=\u00bbdefault\u00bb text_font=\u00bbTenor Sans|||on|||||\u00bb text_text_color=\u00bb#821D21&#8243; text_font_size=\u00bb35px\u00bb custom_margin=\u00bb4px|||||\u00bb global_colors_info=\u00bb{}\u00bb]<\/p>\n<p>GANADER\u00cdA<\/p>\n<p>[\/et_pb_text][et_pb_text _builder_version=\u00bb4.16&#8243; _module_preset=\u00bbdefault\u00bb text_orientation=\u00bbjustified\u00bb global_colors_info=\u00bb{}\u00bb]<\/p>\n<p><strong>La ganader\u00eda de Vega de San Mart\u00edn\u00a0<\/strong>est\u00e1 formada por cabras de raza murciano-granadina, esta raza con origen en Espa\u00f1a se encuentra ampliamente distribuida por todo el mundo debido a su alta capacidad de adaptaci\u00f3n a diferentes climas. De hecho, Vega de San Mart\u00edn ha exportado cabras a pa\u00edses como Grecia, Ir\u00e1n, Marruecos, Ruman\u00eda, Guinea y Catar.<\/p>\n<p>&nbsp;<\/p>\n<p>[\/et_pb_text][\/et_pb_column][et_pb_column type=\u00bb1_2&#8243; _builder_version=\u00bb4.16&#8243; _module_preset=\u00bbdefault\u00bb global_colors_info=\u00bb{}\u00bb][et_pb_image src=\u00bbhttps:\/\/vegadesanmartin.es\/wp-content\/uploads\/cabras-queso-artesanal-vega-de-san-martin.jpeg\u00bb alt=\u00bbcomprar queso fresco de cabra\u00bb title_text=\u00bbcabras queso artesanal vega de san mart\u00edn\u00bb _builder_version=\u00bb4.16&#8243; _module_preset=\u00bbdefault\u00bb custom_margin=\u00bb||-13px|||\u00bb box_shadow_style=\u00bbpreset4&#8243; box_shadow_horizontal=\u00bb15px\u00bb box_shadow_vertical=\u00bb15px\u00bb box_shadow_color=\u00bb#F1EEE8&#8243; global_colors_info=\u00bb{}\u00bb][\/et_pb_image][\/et_pb_column][\/et_pb_row][\/et_pb_section][et_pb_section fb_built=\u00bb1&#8243; _builder_version=\u00bb4.16&#8243; _module_preset=\u00bbdefault\u00bb custom_margin=\u00bb||||false|false\u00bb custom_padding=\u00bb24px||||false|false\u00bb global_colors_info=\u00bb{}\u00bb][et_pb_row column_structure=\u00bb1_2,1_2&#8243; use_custom_gutter=\u00bbon\u00bb custom_padding_last_edited=\u00bbon|phone\u00bb _builder_version=\u00bb4.16&#8243; _module_preset=\u00bbdefault\u00bb max_width=\u00bb1080px\u00bb custom_padding=\u00bb5%||||false|false\u00bb custom_padding_tablet=\u00bb0%||||false|false\u00bb custom_padding_phone=\u00bb0%||||false|false\u00bb global_colors_info=\u00bb{}\u00bb][et_pb_column type=\u00bb1_2&#8243; _builder_version=\u00bb4.16&#8243; _module_preset=\u00bbdefault\u00bb global_colors_info=\u00bb{}\u00bb][et_pb_text _builder_version=\u00bb4.16&#8243; _module_preset=\u00bbdefault\u00bb text_font=\u00bbTenor Sans|||on|||||\u00bb text_text_color=\u00bb#821D21&#8243; text_font_size=\u00bb35px\u00bb custom_margin=\u00bb4px|||||\u00bb global_colors_info=\u00bb{}\u00bb]<\/p>\n<p>AGRICULTURA<\/p>\n<p>[\/et_pb_text][et_pb_text _builder_version=\u00bb4.16&#8243; _module_preset=\u00bbdefault\u00bb text_orientation=\u00bbjustified\u00bb global_colors_info=\u00bb{}\u00bb]<\/p>\n<p>Junto a San Mart\u00edn de la Vega, al lado del r\u00edo Jarama y a escasos 30 km de Madrid, Vega de San Mart\u00edn sit\u00faa una de sus explotaciones, que junto con la de Cuenca cuenta con m\u00e1s de 1.000 ha. En estas explotaciones se produce la base principal para la alimentaci\u00f3n del ganado, consiste en el cultivo de cereales, leguminosas y forrajes, principalmente alfalfa y praderas ricas en pastos.<\/p>\n<p>Consideramos que es muy especial poder controlar todo el ciclo de alimentaci\u00f3n de nuestra ganader\u00eda creando cultivos exclusivos y de gran calidad.<\/p>\n<p>&nbsp;<\/p>\n<p>[\/et_pb_text][\/et_pb_column][et_pb_column type=\u00bb1_2&#8243; _builder_version=\u00bb4.16&#8243; _module_preset=\u00bbdefault\u00bb global_colors_info=\u00bb{}\u00bb][et_pb_image src=\u00bbhttps:\/\/vegadesanmartin.es\/wp-content\/uploads\/agricultura-vega-de-san-martin.jpeg\u00bb alt=\u00bbcomprar queso fresco de cabra\u00bb title_text=\u00bbagricultura vega de san martin\u00bb _builder_version=\u00bb4.16&#8243; _module_preset=\u00bbdefault\u00bb custom_margin=\u00bb||-13px|||\u00bb box_shadow_style=\u00bbpreset4&#8243; box_shadow_horizontal=\u00bb15px\u00bb box_shadow_vertical=\u00bb15px\u00bb box_shadow_color=\u00bb#F1EEE8&#8243; global_colors_info=\u00bb{}\u00bb][\/et_pb_image][\/et_pb_column][\/et_pb_row][\/et_pb_section][et_pb_section fb_built=\u00bb1&#8243; _builder_version=\u00bb4.16&#8243; _module_preset=\u00bbdefault\u00bb custom_margin=\u00bb||||false|false\u00bb custom_padding=\u00bb28px||86px||false|false\u00bb global_colors_info=\u00bb{}\u00bb][et_pb_row custom_padding_last_edited=\u00bbon|tablet\u00bb _builder_version=\u00bb4.16&#8243; _module_preset=\u00bbdefault\u00bb width=\u00bb70%\u00bb max_width=\u00bb1080px\u00bb module_alignment=\u00bbcenter\u00bb custom_margin_tablet=\u00bb\u00bb custom_margin_phone=\u00bb0px||0px||true|false\u00bb custom_margin_last_edited=\u00bbon|desktop\u00bb custom_padding_tablet=\u00bb0px||0px||true|false\u00bb custom_padding_phone=\u00bb0px||0px||true|false\u00bb global_colors_info=\u00bb{}\u00bb][et_pb_column type=\u00bb4_4&#8243; _builder_version=\u00bb4.16&#8243; _module_preset=\u00bbdefault\u00bb global_colors_info=\u00bb{}\u00bb][et_pb_text _builder_version=\u00bb4.16&#8243; _module_preset=\u00bbdefault\u00bb text_font=\u00bbCormorant Garamond|600||on|||||\u00bb text_text_color=\u00bb#8B774F\u00bb text_font_size=\u00bb40px\u00bb text_orientation=\u00bbcenter\u00bb custom_margin=\u00bb1px||||false|false\u00bb custom_padding=\u00bb40px||40px||true|false\u00bb text_line_height_tablet=\u00bb1.2em\u00bb text_line_height_phone=\u00bb1.2em\u00bb text_line_height_last_edited=\u00bbon|tablet\u00bb border_width_all=\u00bb1px\u00bb border_color_all=\u00bb#8B774F\u00bb border_width_all_tablet=\u00bb1px\u00bb border_width_all_phone=\u00bb0px\u00bb border_width_all_last_edited=\u00bbon|phone\u00bb global_colors_info=\u00bb{}\u00bb]<\/p>\n<p>DESCUBRE NUESTROS PRODUCTOS<\/p>\n<p>[\/et_pb_text][\/et_pb_column][\/et_pb_row][et_pb_row use_custom_gutter=\u00bbon\u00bb _builder_version=\u00bb4.16&#8243; _module_preset=\u00bbdefault\u00bb width=\u00bb70%\u00bb custom_margin=\u00bb25px|auto||auto||\u00bb custom_margin_tablet=\u00bb25px|auto||auto||\u00bb custom_margin_phone=\u00bb0px||||false|false\u00bb custom_margin_last_edited=\u00bbon|phone\u00bb global_colors_info=\u00bb{}\u00bb][et_pb_column type=\u00bb4_4&#8243; _builder_version=\u00bb4.16&#8243; _module_preset=\u00bbdefault\u00bb global_colors_info=\u00bb{}\u00bb][et_pb_shop posts_number=\u00bb13&#8243; columns_number=\u00bb4&#8243; module_class=\u00bbvic-splide splide\u00bb _builder_version=\u00bb4.17.3&#8243; _module_preset=\u00bbdefault\u00bb title_font_size=\u00bb24px\u00bb price_text_color=\u00bb#0C0C0C\u00bb price_font_size=\u00bb16px\u00bb text_orientation=\u00bbleft\u00bb global_colors_info=\u00bb{}\u00bb][\/et_pb_shop][et_pb_code _builder_version=\u00bb4.17.3&#8243; _module_preset=\u00bbdefault\u00bb global_colors_info=\u00bb{}\u00bb]<script><!-- [et_pb_line_break_holder] -->document.addEventListener( 'DOMContentLoaded', function () {<!-- [et_pb_line_break_holder] --><!-- [et_pb_line_break_holder] -->var div1 = document.querySelectorAll('.vic-splide  .woocommerce');<!-- [et_pb_line_break_holder] -->var i;<!-- [et_pb_line_break_holder] -->for (i = 0; i < div1.length; i++) { div1[i].classList.add('splide__track'); }<!-- [et_pb_line_break_holder] -->    <!-- [et_pb_line_break_holder] -->    <!-- [et_pb_line_break_holder] -->var ul1 = document.querySelectorAll('.vic-splide   .products');<!-- [et_pb_line_break_holder] -->var i;<!-- [et_pb_line_break_holder] -->for (i = 0; i < ul1.length; i++)<!-- [et_pb_line_break_holder] -->{ul1[i].classList.remove('columns-1','columns-2','columns-3','columns-4','columns-5','columns-6');<!-- [et_pb_line_break_holder] -->ul1[i].classList.add('splide__list'); }<!-- [et_pb_line_break_holder] -->  <!-- [et_pb_line_break_holder] -->    <!-- [et_pb_line_break_holder] -->var product2 = document.querySelectorAll('.vic-splide  .product');<!-- [et_pb_line_break_holder] -->var i;<!-- [et_pb_line_break_holder] -->for (i = 0; i < product2.length; i++) { product2[i].classList.add('splide__slide'); }<!-- [et_pb_line_break_holder] --><!-- [et_pb_line_break_holder] -->    <!-- [et_pb_line_break_holder] -->var slider1 = document.querySelectorAll('.vic-splide');<!-- [et_pb_line_break_holder] -->   var i;<!-- [et_pb_line_break_holder] -->for (i = 0; i < slider1.length; i++) { <!-- [et_pb_line_break_holder] --><!-- [et_pb_line_break_holder] -->new Splide( slider1[ i ], {<!-- [et_pb_line_break_holder] -->\/* Par\u00e1metros de Splide *\/<!-- [et_pb_line_break_holder] -->type   : 'loop',<!-- [et_pb_line_break_holder] -->perPage: 4,<!-- [et_pb_line_break_holder] -->perMove: 1,<!-- [et_pb_line_break_holder] -->gap    : '10px',<!-- [et_pb_line_break_holder] -->autoplay: true,<!-- [et_pb_line_break_holder] -->interval:3000,<!-- [et_pb_line_break_holder] -->pagination:false,<!-- [et_pb_line_break_holder] -->breakpoints: {<!-- [et_pb_line_break_holder] -->\t\t'980': {<!-- [et_pb_line_break_holder] -->    perPage: 1 ,<!-- [et_pb_line_break_holder] -->    perMove: 1,<!-- [et_pb_line_break_holder] -->\t\t\t<!-- [et_pb_line_break_holder] -->\t\t},<!-- [et_pb_line_break_holder] -->\t\t'767': {<!-- [et_pb_line_break_holder] -->    perPage: 1,<!-- [et_pb_line_break_holder] -->    perMove: 1,<!-- [et_pb_line_break_holder] -->\t\t},<!-- [et_pb_line_break_holder] -->\t}<!-- [et_pb_line_break_holder] -->      <!-- [et_pb_line_break_holder] -->} ).mount(); <!-- [et_pb_line_break_holder] -->  <!-- [et_pb_line_break_holder] -->}<!-- [et_pb_line_break_holder] -->    <!-- [et_pb_line_break_holder] -->\t} );<\/script><!-- [et_pb_line_break_holder] --><!-- [et_pb_line_break_holder] --><\/p>\n<style><!-- [et_pb_line_break_holder] -->.vic-splide ul.products li {<!-- [et_pb_line_break_holder] -->margin-bottom: auto !important;<!-- [et_pb_line_break_holder] -->  margin-top:auto !important;<!-- [et_pb_line_break_holder] -->  clear:none !important;<!-- [et_pb_line_break_holder] --><!-- [et_pb_line_break_holder] -->}<!-- [et_pb_line_break_holder] -->.vic-splide {<!-- [et_pb_line_break_holder] -->  position:relative;<!-- [et_pb_line_break_holder] -->}<!-- [et_pb_line_break_holder] --><!-- [et_pb_line_break_holder] --><\/style>\n<p><!-- [et_pb_line_break_holder] -->[\/et_pb_code][\/et_pb_column][\/et_pb_row][et_pb_row custom_padding_last_edited=\u00bbon|phone\u00bb _builder_version=\u00bb4.16&#8243; _module_preset=\u00bbdefault\u00bb custom_margin=\u00bb-8px|auto||auto||\u00bb custom_margin_tablet=\u00bb-8px|auto||auto||\u00bb custom_margin_phone=\u00bb-20%|auto||auto|false|false\u00bb custom_margin_last_edited=\u00bbon|desktop\u00bb custom_padding_tablet=\u00bb\u00bb custom_padding_phone=\u00bb0px||0px||true|false\u00bb global_colors_info=\u00bb{}\u00bb][et_pb_column type=\u00bb4_4&#8243; _builder_version=\u00bb4.16&#8243; _module_preset=\u00bbdefault\u00bb global_colors_info=\u00bb{}\u00bb][et_pb_button button_url=\u00bbhttps:\/\/vegadesanmartin.es\/tienda\/\u00bb button_text=\u00bbIR A LA TIENDA ONLINE\u00bb button_alignment=\u00bbcenter\u00bb _builder_version=\u00bb4.27.4&#8243; _module_preset=\u00bbdefault\u00bb custom_button=\u00bbon\u00bb button_text_size=\u00bb19px\u00bb button_text_color=\u00bb#F1EEE8&#8243; button_bg_color=\u00bb#821D21&#8243; button_border_width=\u00bb0px\u00bb button_icon=\u00bb&#xe015;||divi||400&#8243; hover_enabled=\u00bb0&#8243; global_colors_info=\u00bb{}\u00bb sticky_enabled=\u00bb0&#8243;][\/et_pb_button][\/et_pb_column][\/et_pb_row][\/et_pb_section][et_pb_section fb_built=\u00bb1&#8243; _builder_version=\u00bb4.16&#8243; _module_preset=\u00bbdefault\u00bb background_color=\u00bb#F1EEE8&#8243; custom_margin=\u00bb||||false|false\u00bb custom_padding=\u00bb0.5%||0.5%||true|true\u00bb global_colors_info=\u00bb{}\u00bb][et_pb_row column_structure=\u00bb1_2,1_2&#8243; use_custom_gutter=\u00bbon\u00bb gutter_width=\u00bb2&#8243; make_equal=\u00bbon\u00bb _builder_version=\u00bb4.16&#8243; _module_preset=\u00bbdefault\u00bb width=\u00bb100%\u00bb max_width=\u00bb1326px\u00bb custom_margin=\u00bb||||false|false\u00bb custom_padding=\u00bb68px||68px||true|false\u00bb custom_css_main_element=\u00bbalign-items:center;\u00bb global_colors_info=\u00bb{}\u00bb][et_pb_column type=\u00bb1_2&#8243; _builder_version=\u00bb4.16&#8243; _module_preset=\u00bbdefault\u00bb global_colors_info=\u00bb{}\u00bb][et_pb_image src=\u00bbhttps:\/\/vegadesanmartin.es\/wp-content\/uploads\/Fabraciacio\u0301n-de-quesos-artesanales-en-San-Marti\u0301n-de-la-Vega.jpg\u00bb alt=\u00bbqueser\u00eda artesanal en San Mart\u00edn de la Vega Madrid\u00bb title_text=\u00bbFabraciacio\u0301n de quesos artesanales en San Marti\u0301n de la Vega\u00bb align=\u00bbcenter\u00bb _builder_version=\u00bb4.16&#8243; _module_preset=\u00bbdefault\u00bb width=\u00bb93%\u00bb width_tablet=\u00bb88%\u00bb width_phone=\u00bb85%\u00bb width_last_edited=\u00bbon|phone\u00bb box_shadow_style=\u00bbpreset1&#8243; box_shadow_blur=\u00bb6px\u00bb box_shadow_color=\u00bb#8B774F\u00bb global_colors_info=\u00bb{}\u00bb][\/et_pb_image][\/et_pb_column][et_pb_column type=\u00bb1_2&#8243; _builder_version=\u00bb4.16&#8243; _module_preset=\u00bbdefault\u00bb background_enable_color=\u00bboff\u00bb custom_padding=\u00bb|10%|||false|false\u00bb global_colors_info=\u00bb{}\u00bb][et_pb_text _builder_version=\u00bb4.16&#8243; _module_preset=\u00bbdefault\u00bb text_font=\u00bbCormorant Garamond|600||on|||||\u00bb text_text_color=\u00bb#8B774F\u00bb text_font_size=\u00bb40px\u00bb custom_margin=\u00bb46px||||false|false\u00bb custom_padding=\u00bb||||true|false\u00bb custom_padding_tablet=\u00bb|||8%|true|false\u00bb custom_padding_phone=\u00bb|||8%|true|false\u00bb custom_padding_last_edited=\u00bbon|phone\u00bb border_color_all=\u00bb#8B774F\u00bb global_colors_info=\u00bb{}\u00bb]<\/p>\n<p>queser\u00eda<\/p>\n<p>[\/et_pb_text][et_pb_text _builder_version=\u00bb4.16&#8243; _module_preset=\u00bbdefault\u00bb text_orientation=\u00bbjustified\u00bb width=\u00bb108%\u00bb custom_margin=\u00bb11.9%||||false|false\u00bb custom_padding_tablet=\u00bb|4%||8%|false|false\u00bb custom_padding_phone=\u00bb||||false|true\u00bb custom_padding_last_edited=\u00bbon|phone\u00bb global_colors_info=\u00bb{}\u00bb]<\/p>\n<blockquote>\n<p>Llevamos a cabo la elaboraci\u00f3n de nuestros quesos combinando los \u00faltimos avances t\u00e9cnicos con la forma tradicional de trabajo.<\/p>\n<\/blockquote>\n<p>[\/et_pb_text][et_pb_text _builder_version=\u00bb4.16&#8243; _module_preset=\u00bbdefault\u00bb width=\u00bb108%\u00bb custom_padding_tablet=\u00bb|4%||8%|false|false\u00bb custom_padding_phone=\u00bb|4%||8%|false|false\u00bb custom_padding_last_edited=\u00bbon|tablet\u00bb global_colors_info=\u00bb{}\u00bb]<\/p>\n<blockquote>\n<p>Elaboramos los quesos \u00fanicamente con la leche de nuestra ganader\u00eda que est\u00e1 estrictamente controlada.<\/p>\n<\/blockquote>\n<p>[\/et_pb_text][et_pb_text _builder_version=\u00bb4.16&#8243; _module_preset=\u00bbdefault\u00bb text_orientation=\u00bbjustified\u00bb width=\u00bb108%\u00bb custom_margin=\u00bb||-15px|||\u00bb custom_padding=\u00bb||0px|||\u00bb custom_padding_tablet=\u00bb|4%||8%|false|false\u00bb custom_padding_phone=\u00bb|||8%|false|false\u00bb custom_padding_last_edited=\u00bbon|phone\u00bb global_colors_info=\u00bb{}\u00bb]<\/p>\n<blockquote>\n<p>Somos muy afortunados porque el queso de <strong>VEGA DE SAN MART\u00cdN<\/strong> ha conseguido formar parte de los mejores quesos de Espa\u00f1a y del mundo.<\/p>\n<\/blockquote>\n<p>[\/et_pb_text][\/et_pb_column][\/et_pb_row][et_pb_row _builder_version=\u00bb4.16&#8243; _module_preset=\u00bbdefault\u00bb width=\u00bb100%\u00bb max_width=\u00bb2560px\u00bb custom_margin=\u00bb32px|auto||auto||\u00bb global_colors_info=\u00bb{}\u00bb][et_pb_column type=\u00bb4_4&#8243; _builder_version=\u00bb4.16&#8243; _module_preset=\u00bbdefault\u00bb global_colors_info=\u00bb{}\u00bb][et_pb_divider _builder_version=\u00bb4.16&#8243; _module_preset=\u00bbdefault\u00bb custom_margin=\u00bb1px|||||\u00bb global_colors_info=\u00bb{}\u00bb][\/et_pb_divider][\/et_pb_column][\/et_pb_row][\/et_pb_section]<\/p>\n","protected":false},"excerpt":{"rendered":"<p>Productos de calidad elaborados artesanalmenteGANADER\u00cdALa ganader\u00eda de Vega de San Mart\u00edn\u00a0est\u00e1 formada por cabras de raza murciano-granadina, esta raza con origen en Espa\u00f1a se encuentra ampliamente distribuida por todo el mundo debido a su alta capacidad de adaptaci\u00f3n a diferentes climas. De hecho, Vega de San Mart\u00edn ha exportado cabras a pa\u00edses como Grecia, Ir\u00e1n, [&hellip;]<\/p>\n","protected":false},"author":1,"featured_media":0,"parent":0,"menu_order":0,"comment_status":"closed","ping_status":"closed","template":"","meta":{"_et_pb_use_builder":"on","_et_pb_old_content":"","_et_gb_content_width":"","_joinchat":[],"footnotes":""},"class_list":["post-99","page","type-page","status-publish","hentry"],"_links":{"self":[{"href":"https:\/\/vegadesanmartin.es\/en\/wp-json\/wp\/v2\/pages\/99","targetHints":{"allow":["GET"]}}],"collection":[{"href":"https:\/\/vegadesanmartin.es\/en\/wp-json\/wp\/v2\/pages"}],"about":[{"href":"https:\/\/vegadesanmartin.es\/en\/wp-json\/wp\/v2\/types\/page"}],"author":[{"embeddable":true,"href":"https:\/\/vegadesanmartin.es\/en\/wp-json\/wp\/v2\/users\/1"}],"replies":[{"embeddable":true,"href":"https:\/\/vegadesanmartin.es\/en\/wp-json\/wp\/v2\/comments?post=99"}],"version-history":[{"count":101,"href":"https:\/\/vegadesanmartin.es\/en\/wp-json\/wp\/v2\/pages\/99\/revisions"}],"predecessor-version":[{"id":227897,"href":"https:\/\/vegadesanmartin.es\/en\/wp-json\/wp\/v2\/pages\/99\/revisions\/227897"}],"wp:attachment":[{"href":"https:\/\/vegadesanmartin.es\/en\/wp-json\/wp\/v2\/media?parent=99"}],"curies":[{"name":"wp","href":"https:\/\/api.w.org\/{rel}","templated":true}]}}