{"id":107,"date":"2021-12-16T20:16:30","date_gmt":"2021-12-16T20:16:30","guid":{"rendered":"https:\/\/vegadesanmartin.es\/?page_id=107"},"modified":"2022-02-23T14:47:18","modified_gmt":"2022-02-23T14:47:18","slug":"politica-de-cookies","status":"publish","type":"page","link":"https:\/\/vegadesanmartin.es\/en\/politica-de-cookies\/","title":{"rendered":"Cookie policy"},"content":{"rendered":"<p>[et_pb_section fb_built=\u00bb1&#8243; _builder_version=\u00bb4.14.7&#8243; _module_preset=\u00bbdefault\u00bb global_colors_info=\u00bb{}\u00bb][et_pb_row _builder_version=\u00bb4.14.7&#8243; _module_preset=\u00bbdefault\u00bb global_colors_info=\u00bb{}\u00bb][et_pb_column type=\u00bb4_4&#8243; _builder_version=\u00bb4.14.7&#8243; _module_preset=\u00bbdefault\u00bb global_colors_info=\u00bb{}\u00bb][et_pb_text _builder_version=\u00bb4.14.7&#8243; _dynamic_attributes=\u00bbcontent\u00bb _module_preset=\u00bbdefault\u00bb text_font=\u00bbCormorant Garamond|600|||||||\u00bb text_text_color=\u00bb#8B774F\u00bb text_font_size=\u00bb40px\u00bb global_colors_info=\u00bb{}\u00bb]@ET-DC@eyJkeW5hbWljIjp0cnVlLCJjb250ZW50IjoicG9zdF90aXRsZSIsInNldHRpbmdzIjp7ImJlZm9yZSI6IiIsImFmdGVyIjoiIn19@[\/et_pb_text][\/et_pb_column][\/et_pb_row][et_pb_row _builder_version=\u00bb4.14.7&#8243; _module_preset=\u00bbdefault\u00bb global_colors_info=\u00bb{}\u00bb][et_pb_column type=\u00bb4_4&#8243; _builder_version=\u00bb4.14.7&#8243; _module_preset=\u00bbdefault\u00bb global_colors_info=\u00bb{}\u00bb][et_pb_text _builder_version=\u00bb4.14.7&#8243; _module_preset=\u00bbdefault\u00bb global_colors_info=\u00bb{}\u00bb]<\/p>\n<p><b>Definici\u00f3n y funci\u00f3n de las cookies<\/b><\/p>\n<p><span style=\"font-weight: 400;\">Una cookie es un fichero que se descarga en su ordenador al acceder a determinadas p\u00e1ginas web. Las cookies permiten a una p\u00e1gina web, entre otras cosas, almacenar y recuperar informaci\u00f3n sobre los h\u00e1bitos de navegaci\u00f3n de un usuario o de su equipo y, dependiendo de la informaci\u00f3n que contengan y de la forma en que utilice su equipo, pueden utilizarse para reconocer al usuario.<\/span><\/p>\n<p><span style=\"font-weight: 400;\">Este sitio web, al igual que la mayor\u00eda de los sitios en Internet, utiliza Cookies para mejorar y optimizar la experiencia del usuario. A continuaci\u00f3n encontrar\u00e1 informaci\u00f3n detallada sobre la tipolog\u00eda de Cookies que utiliza este sitio web, sobre c\u00f3mo puede desactivarlas en su navegador y de c\u00f3mo bloquear espec\u00edficamente la instalaci\u00f3n de Cookies de terceros.<\/span><\/p>\n<p><b>Tipo de cookies que utiliza la p\u00e1gina web y su finalidad<\/b><\/p>\n<p><span style=\"font-weight: 400;\">El uso de Cookies nos permite facilitar la navegaci\u00f3n del usuario y adaptar la informaci\u00f3n y los servicios que ofrecemos a sus intereses.<\/span><\/p>\n<p><span style=\"font-weight: 400;\">Las cookies se usan tanto de modo permanente como temporal (cookies de sesi\u00f3n). Las cookies permanentes se almacenan en su ordenador o dispositivo m\u00f3vil durante un periodo de tiempo no superior a 24 meses.<\/span><\/p>\n<p><span style=\"font-weight: 400;\">Usamos cookies propias y de terceros para recopilar datos estad\u00edsticos de forma agregada a trav\u00e9s de los datos que nos proporciona su utilizaci\u00f3n.<\/span><\/p>\n<p><strong>TIPOS DE COOKIES QUE SE UTILIZAN EN ESTA WEB<\/strong><\/p>\n<p><span style=\"font-weight: 400;\"><span><strong>Esencial:<\/strong> algunas cookies son esenciales para que pueda experimentar la funcionalidad completa de nuestro sitio. Nos permiten mantener las sesiones de los usuarios y prevenir cualquier amenaza a la seguridad. No recopilan ni almacenan ninguna informaci\u00f3n personal. Por ejemplo, estas cookies le permiten iniciar sesi\u00f3n en su cuenta y agregar productos a su carrito y realizar el pago de forma segura.<\/span><\/span><\/p>\n<p><span style=\"font-weight: 400;\"><span><strong>Estad\u00edsticas:<\/strong> estas cookies almacenan informaci\u00f3n como el n\u00famero de visitantes al sitio web, el n\u00famero de visitantes \u00fanicos, qu\u00e9 p\u00e1ginas del sitio web han sido visitadas, la fuente de la visita, etc. Estos datos nos ayudan a comprender y analizar el rendimiento del sitio web. y donde necesita mejorar.<\/span><\/span><\/p>\n<p><span style=\"font-weight: 400;\"><span><strong>Funcionales:<\/strong> Son las cookies que ayudan a determinadas funcionalidades no esenciales de nuestro sitio web. Estas funcionalidades incluyen incrustar contenido como videos o compartir contenido del sitio web en plataformas de redes sociales.<\/span><\/span><\/p>\n<p><span style=\"font-weight: 400;\"><span><strong>Preferencias:<\/strong> estas cookies nos ayudan a almacenar su configuraci\u00f3n y preferencias de navegaci\u00f3n, como las preferencias de idioma, para que tenga una experiencia mejor y m\u00e1s eficiente en futuras visitas al sitio web.<\/span><\/span><\/p>\n<p><b>Tratamiento de las cookies<\/b><\/p>\n<p><span style=\"font-weight: 400;\">La informaci\u00f3n obtenida del tratamiento de las cookies es tratada por el responsable de la Web.<\/span>\u00a0<\/p>\n<p><strong><\/strong><\/p>\n<div><b>Forma de desactivar o eliminar las cookies<\/b><\/div>\n<div><b><\/b><\/div>\n<div><b><\/b><\/div>\n<p>En cualquier momento el usuario podr\u00e1 ejercer su derecho a negarse a las cookies y podr\u00e1 en consecuencia desactivarlas o eliminarlas, salvo aquellas que sean necesarias para el funcionamiento del sitio web.<\/p>\n<p>El usuario podr\u00e1 eliminar y\/o bloquear las cookies, para toda navegaci\u00f3n que realice o para un dominio web determinado. Esta configuraci\u00f3n debe realizarla en cada navegador, si lo hace en un navegador y no en los restantes del mismo dispositivo, se asumir\u00e1 que en los otros si acepta el uso de cookies. El Editor no puede realizar esta acci\u00f3n por el usuario, deber\u00e1 realizarla \u00e9l de forma responsable y particular en cada navegador y\/o dispositivo que as\u00ed lo desee.\u00a0<\/p>\n<p>Como cada navegador posee configuraciones diferentes, el usuario deber\u00e1 dirigirse a la parte de ayuda de cada uno para ver el caso en particular. En esta secci\u00f3n se hace menci\u00f3n a los m\u00e1s comunes, no obstante por actualizaciones de los navegadores o del sistema operativo que est\u00e9 utilizando, esto puede variar. El usuario siempre deber\u00e1 acudir a los manuales de uso de su navegador, esta gu\u00eda es meramente orientativa.<\/p>\n<p><span style=\"font-weight: 400;\">Puede encontrar informaci\u00f3n de c\u00f3mo hacerlo en el caso que utilice uno de los siguientes navegadores:<\/span><\/p>\n<p><span style=\"font-weight: 400;\">Internet Explorer:\u00a0\u00a0<\/span><a href=\"https:\/\/privacy.microsoft.com\/es-es\/privacystatement\"><span style=\"font-weight: 400;\">https:\/\/privacy.microsoft.com\/es-es\/privacystatement<\/span><\/a><\/p>\n<p><span style=\"font-weight: 400;\">Safari:\u00a0<\/span><a href=\"https:\/\/www.apple.com\/legal\/privacy\/es\/cookies\/\"><span style=\"font-weight: 400;\">https:\/\/www.apple.com\/legal\/privacy\/es\/cookies\/<\/span><\/a><span style=\"font-weight: 400;\">\u00a0\u00a0\u00a0\u00a0\u00a0<\/span><a href=\"https:\/\/support.apple.com\/es-es\/HT201265\"><span style=\"font-weight: 400;\">https:\/\/support.apple.com\/es-es\/HT201265<\/span><\/a><\/p>\n<p><span style=\"font-weight: 400;\">Google Chrome:\u00a0<\/span><a href=\"https:\/\/support.google.com\/chrome\/answer\/95647?hl=es&amp;hlrm=en\"><span style=\"font-weight: 400;\">https:\/\/support.google.com\/chrome\/answer\/95647?hl=es&amp;hlrm=en<\/span><\/a><\/p>\n<p><span style=\"font-weight: 400;\">Google:\u00a0\u00a0<\/span><a href=\"https:\/\/www.google.com\/intl\/es\/policies\/privacy\/\"><span style=\"font-weight: 400;\">https:\/\/www.google.com\/intl\/es\/policies\/privacy\/<\/span><\/a><\/p>\n<p><span style=\"font-weight: 400;\">Firefox:\u00a0<\/span><a href=\"http:\/\/support.mozilla.org\/es\/kb\/Borrar%20cookies\"><span style=\"font-weight: 400;\">http:\/\/support.mozilla.org\/es\/kb\/Borrar%20cookies<\/span><\/a><\/p>\n<p><span style=\"font-weight: 400;\">Opera:\u00a0<\/span><a href=\"http:\/\/help.opera.com\/Windows\/11.50\/es-ES\/cookies.html\"><span style=\"font-weight: 400;\">http:\/\/help.opera.com\/Windows\/11.50\/es-ES\/cookies.html<\/span><\/a><\/p>\n<p><span style=\"font-weight: 400;\">Android (Google):\u00a0\u00a0<\/span><a href=\"https:\/\/www.google.com\/intl\/es\/policies\/privacy\/\"><span style=\"font-weight: 400;\">https:\/\/www.google.com\/intl\/es\/policies\/privacy\/<\/span><\/a><\/p>\n<p><span style=\"font-weight: 400;\">Windows Phone (Microsoft):\u00a0<\/span><a href=\"https:\/\/privacy.microsoft.com\/es-es\/privacystatement\"><span style=\"font-weight: 400;\">https:\/\/privacy.microsoft.com\/es-es\/privacystatement<\/span><\/a><\/p>\n<p><span style=\"font-weight: 400;\">Tambi\u00e9n puedes eliminar f\u00e1cilmente las cookies de tu ordenador o dispositivo m\u00f3vil mediante el uso de tu navegador. Para obtener indicaciones de c\u00f3mo gestionar y eliminar las cookies, dir\u00edjase a la pesta\u00f1a \u201cAyuda\u201d de su navegador. Podr\u00e1s desactivar las cookies o recibir una notificaci\u00f3n cada vez que se env\u00eda una nueva cookie a tu ordenador o dispositivo m\u00f3vil.<\/span><\/p>\n<p>[\/et_pb_text][\/et_pb_column][\/et_pb_row][\/et_pb_section]<\/p>\n","protected":false},"excerpt":{"rendered":"<p>Definici\u00f3n y funci\u00f3n de las cookies Una cookie es un fichero que se descarga en su ordenador al acceder a determinadas p\u00e1ginas web. Las cookies permiten a una p\u00e1gina web, entre otras cosas, almacenar y recuperar informaci\u00f3n sobre los h\u00e1bitos de navegaci\u00f3n de un usuario o de su equipo y, dependiendo de la informaci\u00f3n que [&hellip;]<\/p>\n","protected":false},"author":1,"featured_media":0,"parent":0,"menu_order":0,"comment_status":"closed","ping_status":"closed","template":"","meta":{"_et_pb_use_builder":"on","_et_pb_old_content":"","_et_gb_content_width":"","_joinchat":[],"footnotes":""},"class_list":["post-107","page","type-page","status-publish","hentry"],"_links":{"self":[{"href":"https:\/\/vegadesanmartin.es\/en\/wp-json\/wp\/v2\/pages\/107","targetHints":{"allow":["GET"]}}],"collection":[{"href":"https:\/\/vegadesanmartin.es\/en\/wp-json\/wp\/v2\/pages"}],"about":[{"href":"https:\/\/vegadesanmartin.es\/en\/wp-json\/wp\/v2\/types\/page"}],"author":[{"embeddable":true,"href":"https:\/\/vegadesanmartin.es\/en\/wp-json\/wp\/v2\/users\/1"}],"replies":[{"embeddable":true,"href":"https:\/\/vegadesanmartin.es\/en\/wp-json\/wp\/v2\/comments?post=107"}],"version-history":[{"count":6,"href":"https:\/\/vegadesanmartin.es\/en\/wp-json\/wp\/v2\/pages\/107\/revisions"}],"predecessor-version":[{"id":226497,"href":"https:\/\/vegadesanmartin.es\/en\/wp-json\/wp\/v2\/pages\/107\/revisions\/226497"}],"wp:attachment":[{"href":"https:\/\/vegadesanmartin.es\/en\/wp-json\/wp\/v2\/media?parent=107"}],"curies":[{"name":"wp","href":"https:\/\/api.w.org\/{rel}","templated":true}]}}