{"id":105,"date":"2021-12-16T20:16:16","date_gmt":"2021-12-16T20:16:16","guid":{"rendered":"https:\/\/vegadesanmartin.es\/?page_id=105"},"modified":"2022-02-21T18:37:09","modified_gmt":"2022-02-21T18:37:09","slug":"politica-de-privacidad","status":"publish","type":"page","link":"https:\/\/vegadesanmartin.es\/en\/politica-de-privacidad\/","title":{"rendered":"Pol\u00edtica de privacidad"},"content":{"rendered":"<p>[et_pb_section fb_built=\u00bb1&#8243; _builder_version=\u00bb4.14.7&#8243; _module_preset=\u00bbdefault\u00bb global_colors_info=\u00bb{}\u00bb][et_pb_row _builder_version=\u00bb4.14.7&#8243; _module_preset=\u00bbdefault\u00bb global_colors_info=\u00bb{}\u00bb][et_pb_column type=\u00bb4_4&#8243; _builder_version=\u00bb4.14.7&#8243; _module_preset=\u00bbdefault\u00bb global_colors_info=\u00bb{}\u00bb][et_pb_text _builder_version=\u00bb4.14.7&#8243; _module_preset=\u00bbdefault\u00bb text_font=\u00bbCormorant Garamond|600|||||||\u00bb text_text_color=\u00bb#8B774F\u00bb text_font_size=\u00bb40px\u00bb text_line_height_tablet=\u00bb\u00bb text_line_height_phone=\u00bb1.1em\u00bb text_line_height_last_edited=\u00bbon|phone\u00bb global_colors_info=\u00bb{}\u00bb]<\/p>\n<p>Aviso legal y Pol\u00edtica de privacidad<\/p>\n<p>[\/et_pb_text][\/et_pb_column][\/et_pb_row][et_pb_row _builder_version=\u00bb4.14.7&#8243; _module_preset=\u00bbdefault\u00bb global_colors_info=\u00bb{}\u00bb][et_pb_column type=\u00bb4_4&#8243; _builder_version=\u00bb4.14.7&#8243; _module_preset=\u00bbdefault\u00bb global_colors_info=\u00bb{}\u00bb][et_pb_text _builder_version=\u00bb4.14.7&#8243; _module_preset=\u00bbdefault\u00bb global_colors_info=\u00bb{}\u00bb]<\/p>\n<p><b>Objeto Social.\u00a0<\/b>S.A.T. 017 M VEGA DE SAN MART\u00cdN (en adelante VEGA DE SAN MART\u00cdN), es una empresa dedicada a la actividad agr\u00edcola y ganadera, especialmente dedicada a la agricultura, a la cr\u00eda caprina y a la elaboraci\u00f3n de los productos caprinos.<\/p>\n<p><b>Identificaci\u00f3n.\u00a0<\/b><span style=\"font-weight: 400;\">En cumplimiento con el deber de informaci\u00f3n recogido en art\u00edculo 10 de la Ley 34\/2002, de 11 de julio, de Servicios de la Sociedad de la Informaci\u00f3n y del Comercio Electr\u00f3nico, los datos aqu\u00ed consignados corresponden a la entidad titular del sitio web vegadesanmartin.es<\/span><\/p>\n<p><b>Denominaci\u00f3n<\/b><span style=\"font-weight: 400;\">: S.A.T. 017 M VEGA DE SAN\u00a0<\/span>MART\u00cdN<\/p>\n<p><b>Domicilio<\/b><span style=\"font-weight: 400;\">: Ctra. Comarcal M-506 P.K. 41,5 (28330) San Mart\u00edn de la Vega, Madrid<\/span><\/p>\n<p><b>Tel\u00e9fono<\/b><span style=\"font-weight: 400;\">: 91 745 01 34\u00a0<\/span><b>Fax<\/b><span style=\"font-weight: 400;\">: 91 745 00 36\u00a0<\/span><b>e-mail<\/b><span style=\"font-weight: 400;\">:\u00a0<\/span><a href=\"mailto:info@vegadesanmartin.es\"><span style=\"font-weight: 400;\">info@vegadesanmartin.es<\/span><\/a><\/p>\n<p><b>CIF<\/b><span style=\"font-weight: 400;\">: V83104604<\/span><\/p>\n<p><b>Inscripci\u00f3n registral<\/b><span style=\"font-weight: 400;\">: inscrita en el Registro de Sociedades Agrarias de Transformaci\u00f3n de la Comunidad de Madrid, N\u00ba 017M<\/span><\/p>\n<p><b>Propiedad intelectual e industrial.\u00a0<\/b>Todos los derechos de Propiedad Industrial e Intelectual de la totalidad de elementos contenidos en esta Web, incluidas las marcas comerciales, formatos, dise\u00f1os gr\u00e1ficos, textos, im\u00e1genes y documentos, pertenecen a VEGA DE SAN MART\u00cdN y se encuentran protegidos por las leyes espa\u00f1olas e internacionales sobre propiedad Intelectual e Industrial. Queda expresamente prohibida la reproducci\u00f3n total o parcial de este sitio Web y de cualquiera de sus contenidos sin el permiso expreso y por escrito de VEGA DE SAN MART\u00cdN.<\/p>\n<p>El acceso al sitio web no implica ning\u00fan tipo de renuncia, transmisi\u00f3n, licencia o cesi\u00f3n de dichos derechos por parte de VEGA DE SAN MART\u00cdN\u00a0salvo que se establezca expresamente lo contrario.<\/p>\n<p><b>Condiciones de uso.\u00a0<\/b><span style=\"font-weight: 400;\">El acceso a este sitio Web implica la aceptaci\u00f3n de estas condiciones de uso sin reservas que regulan el acceso y la utilizaci\u00f3n del mismo con el fin de poner a disposici\u00f3n de los usuarios informaci\u00f3n sobre nuestros productos.<\/span><\/p>\n<p><span style=\"font-weight: 400;\">Se proh\u00edbe expresamente la utilizaci\u00f3n de los contenidos de este sitio Web para su utilizaci\u00f3n con fines comerciales o para su distribuci\u00f3n, transformaci\u00f3n o comunicaci\u00f3n.<\/span><\/p>\n<p>VEGA DE SAN MART\u00cdN, no responder\u00e1 de ninguna consecuencia, da\u00f1o o perjuicio que pudieran derivarse de dicha utilizaci\u00f3n o uso de la informaci\u00f3n.<\/p>\n<p><span style=\"font-weight: 400;\">Tanto el acceso a esta Web como el uso que pueda hacerse de la informaci\u00f3n contenida en la misma es de la exclusiva responsabilidad de quien lo realiza.<\/span><\/p>\n<p><span style=\"font-weight: 400;\">El usuario se obliga a no utilizar la informaci\u00f3n que se publica en esta Web con fines o efectos il\u00edcitos o lesivos, a no da\u00f1ar o inutilizar la informaci\u00f3n y a no realizar cualquier otra acci\u00f3n que puedan ser contraria al contenido de este Aviso Legal.<\/span><\/p>\n<p>VEGA DE SAN MART\u00cdN\u00a0no puede asegurar la inexistencia de interrupciones o errores en el acceso a este sitio Web, aunque pondr\u00e1 sus mayores esfuerzos para evitarlos.<\/p>\n<p><b>Pol\u00edtica de Protecci\u00f3n de Datos.\u00a0<\/b><span style=\"font-weight: 400;\">En cumplimiento del REGLAMENTO (UE) 2016\/679 DEL PARLAMENTO EUROPEO Y DEL CONSEJO de 27 de Abril de 2016, relativo a la protecci\u00f3n de las personas f\u00edsicas en lo que respecta al tratamiento de datos personales y a la libre circulaci\u00f3n de estos datos y su normativa de desarrollo, se le informa que los datos personales proporcionados por usted ser\u00e1n tratados con la finalidad de facilitar la informaci\u00f3n solicitada acerca de nuestra empresa, nuestros productos, as\u00ed como la de dar contestaci\u00f3n y gestionar sus comentarios y sugerencias.<\/span><\/p>\n<p>A trav\u00e9s de la cumplimentaci\u00f3n de formularios de contacto de la Web o mediante el env\u00edo de correos electr\u00f3nicos o cualquier otro tipo de solicitud de informaci\u00f3n remitida a VEGA DE SAN MART\u00cdN, el interesado presta su consentimiento expreso para recibir informaci\u00f3n acerca de nuestros productos y promociones.<\/p>\n<p>En ning\u00fan caso VEGA DE SAN MART\u00cdN, utilizar\u00e1 los datos personales de los interesados para fines distintos de los anteriormente mencionados, ni los comunicar\u00e1 a terceros sin el consentimiento previo y expreso del afectado, y se compromete a guardar el debido secreto profesional y a establecer las medidas t\u00e9cnicas y organizativas necesarias para salvaguardar la informaci\u00f3n conforme a los requerimientos que establece el mencionado Reglamento.<\/p>\n<p><span style=\"font-weight: 400;\">Sus datos personales se conservar\u00e1n en nuestros registros durante un periodo de dos a\u00f1os. No obstante, en cualquier momento usted puede solicitar el acceso a sus datos personales y su rectificaci\u00f3n o supresi\u00f3n. As\u00ed como, limitar su tratamiento, o directamente oponerse al tratamiento o ejercer el derecho a la portabilidad de los mismos.<\/span><\/p>\n<p><span style=\"font-weight: 400;\">Tambi\u00e9n le informamos de su derecho a presentar una reclamaci\u00f3n ante la Agencia Espa\u00f1ola de Protecci\u00f3n de Datos, si considera que en el tratamiento de sus datos no se est\u00e1n respetando sus derechos.<\/span><\/p>\n<p><span style=\"font-weight: 400;\">Identidad del responsable (contacto): S.A.T. 017 M VEGA DE SAN MART\u00cdN, Ctra. Comarcal M-506 P.K. 41,5 (28330) San Mart\u00edn de la Vega, Madrid.<\/span><\/p>\n<p><span style=\"font-weight: 400;\">VEGA DE SAN MART\u00cdN recuerda a las personas mayores de edad que tengan a su cargo menores, que ser\u00e1 de su exclusiva responsabilidad si alg\u00fan menor incorpora sus datos para solicitar alg\u00fan producto.<\/span><\/p>\n<p><span style=\"font-weight: 400;\">Tambi\u00e9n les informa que existen programas inform\u00e1ticos para acotar la navegaci\u00f3n mediante el filtro o bloqueo a determinados contenidos.<\/span><\/p>\n<p>\u00a0<b>Enlaces a otras Webs.\u00a0<\/b>Los enlaces (links) que puede encontrar en esta Web son un servicio a los usuarios. Estas p\u00e1ginas no son operadas ni controladas por VEGA DE SAN MART\u00cdN, por ello, VEGA DE SAN MART\u00cdN no se hace responsable de los contenidos de esos sitios Web ni est\u00e1n cubiertas por el presente Aviso Legal. Si accede a estas p\u00e1ginas Webs deber\u00e1 tener en cuenta que sus pol\u00edticas de privacidad pueden ser diferentes a la nuestra.<\/p>\n<p><b>Legislaci\u00f3n aplicable y competencia jurisdiccional.\u00a0<\/b><span style=\"font-weight: 400;\">El presente Aviso Legal se rige por la normativa espa\u00f1ola vigente que le es de aplicaci\u00f3n.<\/span><\/p>\n<p><span style=\"font-weight: 400;\">Para la resoluci\u00f3n de las controversias que pudieran derivarse como consecuencia de lo dispuesto en las presentes disposiciones y sobre su interpretaci\u00f3n, aplicaci\u00f3n y cumplimiento. El usuario, en virtud de la aceptaci\u00f3n de las condiciones recogidas en este Aviso legal, renuncia expresamente a cualquier otro fuero que pudiera corresponderle.<\/span><\/p>\n<p><span style=\"font-weight: 400;\">En cualquier caso, dentro de la jurisdicci\u00f3n espa\u00f1ola, si la legislaci\u00f3n permitiese someterse a un fuero en concreto, el usuario renuncia expresamente al fuero que pudiera corresponderle y se somete voluntariamente a la jurisdicci\u00f3n de los Juzgados y Tribunales de Madrid.<\/span><\/p>\n<p>[\/et_pb_text][\/et_pb_column][\/et_pb_row][\/et_pb_section]<\/p>\n","protected":false},"excerpt":{"rendered":"<p>Aviso legal y Pol\u00edtica de privacidadObjeto Social.\u00a0S.A.T. 017 M VEGA DE SAN MART\u00cdN (en adelante VEGA DE SAN MART\u00cdN), es una empresa dedicada a la actividad agr\u00edcola y ganadera, especialmente dedicada a la agricultura, a la cr\u00eda caprina y a la elaboraci\u00f3n de los productos caprinos. Identificaci\u00f3n.\u00a0En cumplimiento con el deber de informaci\u00f3n recogido en [&hellip;]<\/p>\n","protected":false},"author":1,"featured_media":0,"parent":0,"menu_order":0,"comment_status":"closed","ping_status":"closed","template":"","meta":{"_et_pb_use_builder":"on","_et_pb_old_content":"","_et_gb_content_width":"","_joinchat":[],"footnotes":""},"class_list":["post-105","page","type-page","status-publish","hentry"],"_links":{"self":[{"href":"https:\/\/vegadesanmartin.es\/en\/wp-json\/wp\/v2\/pages\/105","targetHints":{"allow":["GET"]}}],"collection":[{"href":"https:\/\/vegadesanmartin.es\/en\/wp-json\/wp\/v2\/pages"}],"about":[{"href":"https:\/\/vegadesanmartin.es\/en\/wp-json\/wp\/v2\/types\/page"}],"author":[{"embeddable":true,"href":"https:\/\/vegadesanmartin.es\/en\/wp-json\/wp\/v2\/users\/1"}],"replies":[{"embeddable":true,"href":"https:\/\/vegadesanmartin.es\/en\/wp-json\/wp\/v2\/comments?post=105"}],"version-history":[{"count":6,"href":"https:\/\/vegadesanmartin.es\/en\/wp-json\/wp\/v2\/pages\/105\/revisions"}],"predecessor-version":[{"id":226486,"href":"https:\/\/vegadesanmartin.es\/en\/wp-json\/wp\/v2\/pages\/105\/revisions\/226486"}],"wp:attachment":[{"href":"https:\/\/vegadesanmartin.es\/en\/wp-json\/wp\/v2\/media?parent=105"}],"curies":[{"name":"wp","href":"https:\/\/api.w.org\/{rel}","templated":true}]}}