{"id":103,"date":"2021-12-16T20:14:50","date_gmt":"2021-12-16T20:14:50","guid":{"rendered":"https:\/\/vegadesanmartin.es\/?page_id=103"},"modified":"2022-02-28T18:21:35","modified_gmt":"2022-02-28T18:21:35","slug":"contacto-queseria-artesanal","status":"publish","type":"page","link":"https:\/\/vegadesanmartin.es\/en\/contacto-queseria-artesanal\/","title":{"rendered":"Contact"},"content":{"rendered":"<p>[et_pb_section fb_built=\u00bb1&#8243; prev_background_color=\u00bb#ffffff\u00bb next_background_color=\u00bb#FFFFFF\u00bb _builder_version=\u00bb4.14.7&#8243; _module_preset=\u00bbdefault\u00bb background_color=\u00bb#F1EEE8&#8243; background_enable_image=\u00bboff\u00bb background_blend=\u00bboverlay\u00bb top_divider_style=\u00bbwave\u00bb top_divider_height_tablet=\u00bb79px\u00bb top_divider_height_phone=\u00bb42px\u00bb top_divider_height_last_edited=\u00bbon|phone\u00bb bottom_divider_style=\u00bbwave\u00bb bottom_divider_height=\u00bb72px\u00bb bottom_divider_height_tablet=\u00bb72px\u00bb bottom_divider_height_phone=\u00bb37px\u00bb bottom_divider_height_last_edited=\u00bbon|phone\u00bb global_colors_info=\u00bb{}\u00bb][et_pb_row _builder_version=\u00bb4.14.6&#8243; _module_preset=\u00bbdefault\u00bb global_colors_info=\u00bb{}\u00bb][et_pb_column type=\u00bb4_4&#8243; _builder_version=\u00bb4.14.6&#8243; _module_preset=\u00bbdefault\u00bb global_colors_info=\u00bb{}\u00bb][et_pb_text _builder_version=\u00bb4.14.7&#8243; _module_preset=\u00bbdefault\u00bb text_font=\u00bbCormorant Garamond||||||||\u00bb text_text_color=\u00bb#8B774F\u00bb text_font_size=\u00bb40px\u00bb header_font=\u00bb|||on|||||\u00bb header_font_size=\u00bb40px\u00bb custom_margin=\u00bb34px|||||\u00bb header_font_size_tablet=\u00bb40px\u00bb header_font_size_phone=\u00bb37px\u00bb header_font_size_last_edited=\u00bbon|phone\u00bb global_colors_info=\u00bb{}\u00bb]<\/p>\n<h1>Contacta con nosotros<\/h1>\n<p>[\/et_pb_text][et_pb_text _builder_version=\u00bb4.14.7&#8243; _module_preset=\u00bbdefault\u00bb text_font=\u00bbTenor Sans||||||||\u00bb text_text_color=\u00bb#0C0C0C\u00bb text_font_size=\u00bb20px\u00bb custom_margin=\u00bb||39px|||\u00bb global_colors_info=\u00bb{}\u00bb]<\/p>\n<p><span>\u00bfTienes alguna duda o est\u00e1s interesado en alguno de nuestros productos? <\/span><\/p>\n<p><span>Escr\u00edbenos y te contestaremos encantados.<\/span><\/p>\n<p>[\/et_pb_text][\/et_pb_column][\/et_pb_row][\/et_pb_section][et_pb_section fb_built=\u00bb1&#8243; custom_padding_last_edited=\u00bbon|tablet\u00bb _builder_version=\u00bb4.14.7&#8243; _module_preset=\u00bbdefault\u00bb background_color=\u00bb#FFFFFF\u00bb background_color_gradient_start=\u00bb#821d21&#8243; background_color_gradient_end=\u00bb#f1eee8&#8243; background_color_gradient_direction=\u00bb202deg\u00bb custom_margin_tablet=\u00bb\u00bb custom_margin_phone=\u00bb||||false|false\u00bb custom_margin_last_edited=\u00bbon|phone\u00bb custom_padding_tablet=\u00bb||0px||false|false\u00bb custom_padding_phone=\u00bb||0px||false|false\u00bb global_colors_info=\u00bb{}\u00bb][et_pb_row _builder_version=\u00bb4.14.6&#8243; _module_preset=\u00bbdefault\u00bb global_colors_info=\u00bb{}\u00bb][et_pb_column type=\u00bb4_4&#8243; _builder_version=\u00bb4.14.6&#8243; _module_preset=\u00bbdefault\u00bb global_colors_info=\u00bb{}\u00bb][et_pb_contact_form _builder_version=\u00bb4.14.8&#8243; _module_preset=\u00bbdefault\u00bb _unique_id=\u00bb20465593-f79e-4b60-8b6b-812144ec4820&#8243; form_field_background_color=\u00bb#FFFFFF\u00bb form_field_text_color=\u00bb#821D21&#8243; form_field_focus_background_color=\u00bb#FFFFFF\u00bb form_field_focus_text_color=\u00bb#0C0C0C\u00bb form_field_font=\u00bbTenor Sans||||||||\u00bb form_field_font_size=\u00bb17px\u00bb background_enable_color=\u00bboff\u00bb background_enable_image=\u00bboff\u00bb custom_button=\u00bbon\u00bb button_text_size=\u00bb16px\u00bb button_text_color=\u00bb#F1EEE8&#8243; button_bg_color=\u00bb#821D21&#8243; button_border_width=\u00bb0px\u00bb button_border_radius=\u00bb0px\u00bb button_letter_spacing=\u00bb1px\u00bb button_font=\u00bbTenor Sans|||on|||||\u00bb button_use_icon=\u00bboff\u00bb button_custom_padding=\u00bb5px|30px|5px|30px|false|false\u00bb hover_enabled=\u00bb0&#8243; border_width_all=\u00bb1px\u00bb border_color_all=\u00bb#821D21&#8243; border_width_top=\u00bb1px\u00bb global_colors_info=\u00bb{}\u00bb email=\u00bbinfo@vegadesanmartin.es\u00bb custom_message=\u00bbNombre: %%Name%%||et_pb_line_break_holder||Email: %%Email%%||et_pb_line_break_holder||Tel\u00e9fono: %%Tel\u00e9fono%%||et_pb_line_break_holder||Asunto: %%Asunto%%||et_pb_line_break_holder||Mensaje: %%Message%%||et_pb_line_break_holder||||et_pb_line_break_holder||Este correo electr\u00f3nico se ha generado desde el formulario de contacto de tu web. ||et_pb_line_break_holder||\u00bb sticky_enabled=\u00bb0&#8243;][et_pb_contact_field field_id=\u00bbName\u00bb field_title=\u00bbNombre\u00bb _builder_version=\u00bb4.14.8&#8243; hover_enabled=\u00bb0&#8243; global_colors_info=\u00bb{}\u00bb button_text_size__hover_enabled=\u00bboff\u00bb button_one_text_size__hover_enabled=\u00bboff\u00bb button_two_text_size__hover_enabled=\u00bboff\u00bb button_text_color__hover_enabled=\u00bboff\u00bb button_one_text_color__hover_enabled=\u00bboff\u00bb button_two_text_color__hover_enabled=\u00bboff\u00bb button_border_width__hover_enabled=\u00bboff\u00bb button_one_border_width__hover_enabled=\u00bboff\u00bb button_two_border_width__hover_enabled=\u00bboff\u00bb button_border_color__hover_enabled=\u00bboff\u00bb button_one_border_color__hover_enabled=\u00bboff\u00bb button_two_border_color__hover_enabled=\u00bboff\u00bb button_border_radius__hover_enabled=\u00bboff\u00bb button_one_border_radius__hover_enabled=\u00bboff\u00bb button_two_border_radius__hover_enabled=\u00bboff\u00bb button_letter_spacing__hover_enabled=\u00bboff\u00bb button_one_letter_spacing__hover_enabled=\u00bboff\u00bb button_two_letter_spacing__hover_enabled=\u00bboff\u00bb button_bg_color__hover_enabled=\u00bboff\u00bb button_one_bg_color__hover_enabled=\u00bboff\u00bb button_two_bg_color__hover_enabled=\u00bboff\u00bb sticky_enabled=\u00bb0&#8243;][\/et_pb_contact_field][et_pb_contact_field field_id=\u00bbEmail\u00bb field_title=\u00bbEmail\u00bb field_type=\u00bbemail\u00bb _builder_version=\u00bb4.14.7&#8243; global_colors_info=\u00bb{}\u00bb button_text_size__hover_enabled=\u00bboff\u00bb button_one_text_size__hover_enabled=\u00bboff\u00bb button_two_text_size__hover_enabled=\u00bboff\u00bb button_text_color__hover_enabled=\u00bboff\u00bb button_one_text_color__hover_enabled=\u00bboff\u00bb button_two_text_color__hover_enabled=\u00bboff\u00bb button_border_width__hover_enabled=\u00bboff\u00bb button_one_border_width__hover_enabled=\u00bboff\u00bb button_two_border_width__hover_enabled=\u00bboff\u00bb button_border_color__hover_enabled=\u00bboff\u00bb button_one_border_color__hover_enabled=\u00bboff\u00bb button_two_border_color__hover_enabled=\u00bboff\u00bb button_border_radius__hover_enabled=\u00bboff\u00bb button_one_border_radius__hover_enabled=\u00bboff\u00bb button_two_border_radius__hover_enabled=\u00bboff\u00bb button_letter_spacing__hover_enabled=\u00bboff\u00bb button_one_letter_spacing__hover_enabled=\u00bboff\u00bb button_two_letter_spacing__hover_enabled=\u00bboff\u00bb button_bg_color__hover_enabled=\u00bboff\u00bb button_one_bg_color__hover_enabled=\u00bboff\u00bb button_two_bg_color__hover_enabled=\u00bboff\u00bb][\/et_pb_contact_field][et_pb_contact_field field_id=\u00bbTel\u00e9fono\u00bb field_title=\u00bbTel\u00e9fono\u00bb fullwidth_field=\u00bbon\u00bb _builder_version=\u00bb4.14.8&#8243; _module_preset=\u00bbdefault\u00bb hover_enabled=\u00bb0&#8243; global_colors_info=\u00bb{}\u00bb sticky_enabled=\u00bb0&#8243;][\/et_pb_contact_field][et_pb_contact_field field_id=\u00bbAsunto\u00bb field_title=\u00bbAsunto\u00bb fullwidth_field=\u00bbon\u00bb _builder_version=\u00bb4.14.8&#8243; _module_preset=\u00bbdefault\u00bb hover_enabled=\u00bb0&#8243; global_colors_info=\u00bb{}\u00bb sticky_enabled=\u00bb0&#8243;][\/et_pb_contact_field][et_pb_contact_field field_id=\u00bbMessage\u00bb field_title=\u00bbMensaje\u00bb field_type=\u00bbtext\u00bb fullwidth_field=\u00bbon\u00bb _builder_version=\u00bb4.14.8&#8243; hover_enabled=\u00bb0&#8243; global_colors_info=\u00bb{}\u00bb button_text_size__hover_enabled=\u00bboff\u00bb button_one_text_size__hover_enabled=\u00bboff\u00bb button_two_text_size__hover_enabled=\u00bboff\u00bb button_text_color__hover_enabled=\u00bboff\u00bb button_one_text_color__hover_enabled=\u00bboff\u00bb button_two_text_color__hover_enabled=\u00bboff\u00bb button_border_width__hover_enabled=\u00bboff\u00bb button_one_border_width__hover_enabled=\u00bboff\u00bb button_two_border_width__hover_enabled=\u00bboff\u00bb button_border_color__hover_enabled=\u00bboff\u00bb button_one_border_color__hover_enabled=\u00bboff\u00bb button_two_border_color__hover_enabled=\u00bboff\u00bb button_border_radius__hover_enabled=\u00bboff\u00bb button_one_border_radius__hover_enabled=\u00bboff\u00bb button_two_border_radius__hover_enabled=\u00bboff\u00bb button_letter_spacing__hover_enabled=\u00bboff\u00bb button_one_letter_spacing__hover_enabled=\u00bboff\u00bb button_two_letter_spacing__hover_enabled=\u00bboff\u00bb button_bg_color__hover_enabled=\u00bboff\u00bb button_one_bg_color__hover_enabled=\u00bboff\u00bb button_two_bg_color__hover_enabled=\u00bboff\u00bb sticky_enabled=\u00bb0&#8243;][\/et_pb_contact_field][et_pb_contact_field field_id=\u00bbField_6&#8243; field_title=\u00bb \u00bb field_type=\u00bbcheckbox\u00bb checkbox_options=\u00bb%91{%22value%22:%22Acepta nuestra Pol\u00edtica de privacidad.%22,%22checked%22:0,%22dragID%22:-1,%22link_url%22:%22https:\/\/vegadesanmartin.es\/politica-de-privacidad\/%22,%22link_text%22:%22%22}%93&#8243; fullwidth_field=\u00bbon\u00bb _builder_version=\u00bb4.14.7&#8243; _module_preset=\u00bbdefault\u00bb global_colors_info=\u00bb{}\u00bb][\/et_pb_contact_field][\/et_pb_contact_form][\/et_pb_column][\/et_pb_row][et_pb_row _builder_version=\u00bb4.14.7&#8243; _module_preset=\u00bbdefault\u00bb global_colors_info=\u00bb{}\u00bb][et_pb_column type=\u00bb4_4&#8243; _builder_version=\u00bb4.14.7&#8243; _module_preset=\u00bbdefault\u00bb global_colors_info=\u00bb{}\u00bb][et_pb_text _builder_version=\u00bb4.14.7&#8243; _module_preset=\u00bbdefault\u00bb text_font_size=\u00bb11px\u00bb text_font_size_tablet=\u00bb11px\u00bb text_font_size_phone=\u00bb11px\u00bb text_font_size_last_edited=\u00bbon|desktop\u00bb global_colors_info=\u00bb{}\u00bb]<\/p>\n<div class=\"wpb_text_column wpb_content_element \">\n<div class=\"wpb_wrapper\">\n<p><span>Te informamos que la informaci\u00f3n que nos facilitas ser\u00e1 tratada por Vega de San Mart\u00edn, responsable de la web. Los datos proporcionados se conservar\u00e1n mientras exista inter\u00e9s por ambas partes. La legitimaci\u00f3n se obtiene mediante el consentimiento por tu parte. Los datos no se ceder\u00e1n a terceros salvo en los casos en que exista una obligaci\u00f3n legal.\u00a0<\/span><\/p>\n<\/div>\n<\/div>\n<p>[\/et_pb_text][\/et_pb_column][\/et_pb_row][\/et_pb_section][et_pb_section fb_built=\u00bb1&#8243; custom_padding_last_edited=\u00bbon|tablet\u00bb _builder_version=\u00bb4.14.7&#8243; _module_preset=\u00bbdefault\u00bb background_color=\u00bb#FFFFFF\u00bb custom_margin_tablet=\u00bb||||false|false\u00bb custom_margin_phone=\u00bb0px||||false|false\u00bb custom_margin_last_edited=\u00bbon|phone\u00bb custom_padding=\u00bb1px||98px|||\u00bb custom_padding_tablet=\u00bb0px||20px||false|false\u00bb custom_padding_phone=\u00bb0px||20px||false|false\u00bb global_colors_info=\u00bb{}\u00bb][et_pb_row column_structure=\u00bb3_5,2_5&#8243; _builder_version=\u00bb4.14.6&#8243; _module_preset=\u00bbdefault\u00bb custom_margin=\u00bb53px|auto||auto||\u00bb global_colors_info=\u00bb{}\u00bb][et_pb_column type=\u00bb3_5&#8243; _builder_version=\u00bb4.14.4&#8243; _module_preset=\u00bbdefault\u00bb global_colors_info=\u00bb{}\u00bb][et_pb_code _builder_version=\u00bb4.14.6&#8243; _module_preset=\u00bbdefault\u00bb background_color=\u00bb#8B774F\u00bb global_colors_info=\u00bb{}\u00bb]<iframe src=\"https:\/\/www.google.com\/maps\/embed?pb=!1m14!1m8!1m3!1d6091.528239792926!2d-3.547003184655755!3d40.23654654536587!3m2!1i1024!2i768!4f13.1!3m3!1m2!1s0x0%3A0xe5df465fc6fa5cb6!2sQueser%C3%ADa%20Vega%20de%20san%20Mart%C3%ADn!5e0!3m2!1ses!2ses!4v1640716699455!5m2!1ses!2ses\" width=\"650\" height=\"450\" style=\"border:0;\" allowfullscreen=\"\" loading=\"lazy\"><\/iframe>[\/et_pb_code][\/et_pb_column][et_pb_column type=\u00bb2_5&#8243; _builder_version=\u00bb4.14.4&#8243; _module_preset=\u00bbdefault\u00bb global_colors_info=\u00bb{}\u00bb][et_pb_text _builder_version=\u00bb4.14.6&#8243; _module_preset=\u00bbdefault\u00bb header_font_size=\u00bb36px\u00bb global_colors_info=\u00bb{}\u00bb]<\/p>\n<h1>\u00bfD\u00f3nde estamos?<\/h1>\n<p>[\/et_pb_text][et_pb_text _builder_version=\u00bb4.14.4&#8243; _module_preset=\u00bbdefault\u00bb global_colors_info=\u00bb{}\u00bb]<\/p>\n<p><span style=\"font-weight: 400;\">SAT Vega de San Mart\u00edn<\/span><span style=\"font-weight: 400;\"><br \/><\/span><span style=\"font-weight: 400;\">Ctra. Comarcal M-506 P.K. 41,5<\/span><span style=\"font-weight: 400;\"><br \/><\/span><span style=\"font-weight: 400;\">28330 San Mart\u00edn de la Vega \u2013 Madrid<\/span><\/p>\n<p>[\/et_pb_text][et_pb_image src=\u00bbhttps:\/\/vegadesanmartin.es\/wp-content\/uploads\/queseria-en-San-Martin-de-la-Vega-Madrid.jpg\u00bb title_text=\u00bbqueser\u00eda en San Mart\u00edn de la Vega Madrid\u00bb _builder_version=\u00bb4.14.7&#8243; _module_preset=\u00bbdefault\u00bb width=\u00bb72%\u00bb width_tablet=\u00bb72%\u00bb width_phone=\u00bb100%\u00bb width_last_edited=\u00bbon|phone\u00bb max_width_tablet=\u00bb\u00bb max_width_phone=\u00bb100%\u00bb max_width_last_edited=\u00bbon|phone\u00bb module_alignment_tablet=\u00bb\u00bb module_alignment_phone=\u00bbcenter\u00bb module_alignment_last_edited=\u00bbon|phone\u00bb box_shadow_style=\u00bbpreset4&#8243; box_shadow_color=\u00bb#F1EEE8&#8243; global_colors_info=\u00bb{}\u00bb][\/et_pb_image][et_pb_social_media_follow _builder_version=\u00bb4.14.7&#8243; _module_preset=\u00bbdefault\u00bb global_colors_info=\u00bb{}\u00bb][et_pb_social_media_follow_network social_network=\u00bbinstagram\u00bb url=\u00bbhttps:\/\/www.instagram.com\/vegadesanmartin\/\u00bb _builder_version=\u00bb4.14.7&#8243; _module_preset=\u00bbdefault\u00bb background_color=\u00bb#821D21&#8243; background_enable_color=\u00bbon\u00bb global_colors_info=\u00bb{}\u00bb follow_button=\u00bboff\u00bb url_new_window=\u00bbon\u00bb]instagram[\/et_pb_social_media_follow_network][et_pb_social_media_follow_network social_network=\u00bbfacebook\u00bb url=\u00bbhttps:\/\/www.facebook.com\/vegadesanmartin\u00bb _builder_version=\u00bb4.14.7&#8243; _module_preset=\u00bbdefault\u00bb background_color=\u00bb#821D21&#8243; background_enable_color=\u00bbon\u00bb global_colors_info=\u00bb{}\u00bb follow_button=\u00bboff\u00bb url_new_window=\u00bbon\u00bb]facebook[\/et_pb_social_media_follow_network][et_pb_social_media_follow_network social_network=\u00bbyoutube\u00bb url=\u00bbhttps:\/\/www.youtube.com\/channel\/UCvbKqqK6sQGkaQLcT9s1jMw\u00bb _builder_version=\u00bb4.14.7&#8243; _module_preset=\u00bbdefault\u00bb background_color=\u00bb#821D21&#8243; background_enable_color=\u00bbon\u00bb global_colors_info=\u00bb{}\u00bb follow_button=\u00bboff\u00bb url_new_window=\u00bbon\u00bb]youtube[\/et_pb_social_media_follow_network][\/et_pb_social_media_follow][\/et_pb_column][\/et_pb_row][\/et_pb_section]<\/p>\n","protected":false},"excerpt":{"rendered":"<p>Contacta con nosotros\u00bfTienes alguna duda o est\u00e1s interesado en alguno de nuestros productos? Escr\u00edbenos y te contestaremos encantados. Te informamos que la informaci\u00f3n que nos facilitas ser\u00e1 tratada por Vega de San Mart\u00edn, responsable de la web. Los datos proporcionados se conservar\u00e1n mientras exista inter\u00e9s por ambas partes. La legitimaci\u00f3n se obtiene mediante el consentimiento [&hellip;]<\/p>\n","protected":false},"author":1,"featured_media":0,"parent":0,"menu_order":0,"comment_status":"closed","ping_status":"closed","template":"","meta":{"_et_pb_use_builder":"on","_et_pb_old_content":"","_et_gb_content_width":"","_joinchat":[],"footnotes":""},"class_list":["post-103","page","type-page","status-publish","hentry"],"_links":{"self":[{"href":"https:\/\/vegadesanmartin.es\/en\/wp-json\/wp\/v2\/pages\/103","targetHints":{"allow":["GET"]}}],"collection":[{"href":"https:\/\/vegadesanmartin.es\/en\/wp-json\/wp\/v2\/pages"}],"about":[{"href":"https:\/\/vegadesanmartin.es\/en\/wp-json\/wp\/v2\/types\/page"}],"author":[{"embeddable":true,"href":"https:\/\/vegadesanmartin.es\/en\/wp-json\/wp\/v2\/users\/1"}],"replies":[{"embeddable":true,"href":"https:\/\/vegadesanmartin.es\/en\/wp-json\/wp\/v2\/comments?post=103"}],"version-history":[{"count":30,"href":"https:\/\/vegadesanmartin.es\/en\/wp-json\/wp\/v2\/pages\/103\/revisions"}],"predecessor-version":[{"id":226843,"href":"https:\/\/vegadesanmartin.es\/en\/wp-json\/wp\/v2\/pages\/103\/revisions\/226843"}],"wp:attachment":[{"href":"https:\/\/vegadesanmartin.es\/en\/wp-json\/wp\/v2\/media?parent=103"}],"curies":[{"name":"wp","href":"https:\/\/api.w.org\/{rel}","templated":true}]}}